{"id":11,"date":"2025-11-10T17:26:31","date_gmt":"2025-11-10T17:26:31","guid":{"rendered":"https:\/\/panaderiaalberdi.rkinformatika.online\/?page_id=11"},"modified":"2025-12-05T15:07:43","modified_gmt":"2025-12-05T15:07:43","slug":"inicio","status":"publish","type":"page","link":"https:\/\/panaderiaalberdi.com\/eu\/","title":{"rendered":"Hasiera"},"content":{"rendered":"\t\t<div data-elementor-type=\"wp-page\" data-elementor-id=\"11\" class=\"elementor elementor-11\" data-elementor-post-type=\"page\">\n\t\t\t\t<div class=\"elementor-element elementor-element-1d5abfd e-flex e-con-boxed e-con e-parent\" data-id=\"1d5abfd\" data-element_type=\"container\" data-e-type=\"container\" data-settings=\"{&quot;background_background&quot;:&quot;classic&quot;}\">\n\t\t\t\t\t<div class=\"e-con-inner\">\n\t\t<div class=\"elementor-element elementor-element-a58cc82 e-con-full e-flex e-con e-child\" data-id=\"a58cc82\" data-element_type=\"container\" data-e-type=\"container\">\n\t\t\t\t<div class=\"elementor-element elementor-element-e38dacb elementor-widget elementor-widget-heading\" data-id=\"e38dacb\" data-element_type=\"widget\" data-e-type=\"widget\" data-widget_type=\"heading.default\">\n\t\t\t\t\t<h2 class=\"elementor-heading-title elementor-size-default\">Bienvenidos A<\/h2>\t\t\t\t<\/div>\n\t\t\t\t<div class=\"elementor-element elementor-element-eff78f5 elementor-widget elementor-widget-heading\" data-id=\"eff78f5\" data-element_type=\"widget\" data-e-type=\"widget\" data-widget_type=\"heading.default\">\n\t\t\t\t\t<h2 class=\"elementor-heading-title elementor-size-default\">panader\u00eda Alberdi<\/h2>\t\t\t\t<\/div>\n\t\t\t\t<div class=\"elementor-element elementor-element-8435e31 elementor-widget elementor-widget-heading\" data-id=\"8435e31\" data-element_type=\"widget\" data-e-type=\"widget\" data-widget_type=\"heading.default\">\n\t\t\t\t\t<h2 class=\"elementor-heading-title elementor-size-default\">Descubre nuestras pastas artesanas, reci\u00e9n hechas cada d\u00eda.<\/h2>\t\t\t\t<\/div>\n\t\t\t\t<\/div>\n\t\t\t\t\t<\/div>\n\t\t\t\t<\/div>\n\t\t\t\t<section class=\"elementor-section elementor-top-section elementor-element elementor-element-47f9a30 elementor-section-boxed elementor-section-height-default elementor-section-height-default\" data-id=\"47f9a30\" data-element_type=\"section\" data-e-type=\"section\">\n\t\t\t\t\t\t<div class=\"elementor-container elementor-column-gap-default\">\n\t\t\t\t\t<div class=\"elementor-column elementor-col-100 elementor-top-column elementor-element elementor-element-d5d1317\" data-id=\"d5d1317\" data-element_type=\"column\" data-e-type=\"column\">\n\t\t\t<div class=\"elementor-widget-wrap elementor-element-populated\">\n\t\t\t\t\t\t<section class=\"elementor-section elementor-inner-section elementor-element elementor-element-91d3fc0 elementor-section-boxed elementor-section-height-default elementor-section-height-default\" data-id=\"91d3fc0\" data-element_type=\"section\" data-e-type=\"section\">\n\t\t\t\t\t\t<div class=\"elementor-container elementor-column-gap-no\">\n\t\t\t\t\t<div class=\"elementor-column elementor-col-50 elementor-inner-column elementor-element elementor-element-d035cb2\" data-id=\"d035cb2\" data-element_type=\"column\" data-e-type=\"column\">\n\t\t\t<div class=\"elementor-widget-wrap elementor-element-populated\">\n\t\t\t\t\t\t<div class=\"elementor-element elementor-element-8115578 elementor-widget elementor-widget-heading\" data-id=\"8115578\" data-element_type=\"widget\" data-e-type=\"widget\" data-widget_type=\"heading.default\">\n\t\t\t\t\t<h2 class=\"elementor-heading-title elementor-size-default\">Sobre Nosotros <\/h2>\t\t\t\t<\/div>\n\t\t\t\t<div class=\"elementor-element elementor-element-18fa7c9 elementor-widget elementor-widget-heading\" data-id=\"18fa7c9\" data-element_type=\"widget\" data-e-type=\"widget\" data-widget_type=\"heading.default\">\n\t\t\t\t\t<h2 class=\"elementor-heading-title elementor-size-default\">Cada d\u00eda, reci\u00e9n hecho.<\/h2>\t\t\t\t<\/div>\n\t\t\t\t<div class=\"elementor-element elementor-element-ab59d86 elementor-widget elementor-widget-button\" data-id=\"ab59d86\" data-element_type=\"widget\" data-e-type=\"widget\" data-widget_type=\"button.default\">\n\t\t\t\t\t\t\t\t\t\t<a class=\"elementor-button elementor-button-link elementor-size-sm elementor-animation-hang\" href=\"https:\/\/panaderiaalberdi.com\/productos\/\">\n\t\t\t\t\t\t<span class=\"elementor-button-content-wrapper\">\n\t\t\t\t\t\t\t\t\t<span class=\"elementor-button-text\">Saber M\u00e1s<\/span>\n\t\t\t\t\t<\/span>\n\t\t\t\t\t<\/a>\n\t\t\t\t\t\t\t\t<\/div>\n\t\t\t\t\t<\/div>\n\t\t<\/div>\n\t\t\t\t<div class=\"elementor-column elementor-col-50 elementor-inner-column elementor-element elementor-element-8b46727\" data-id=\"8b46727\" data-element_type=\"column\" data-e-type=\"column\">\n\t\t\t<div class=\"elementor-widget-wrap elementor-element-populated\">\n\t\t\t\t\t\t<div class=\"elementor-element elementor-element-53ce4ae elementor-widget elementor-widget-text-editor\" data-id=\"53ce4ae\" data-element_type=\"widget\" data-e-type=\"widget\" data-widget_type=\"text-editor.default\">\n\t\t\t\t\t\t\t\t\t<div class=\"flex max-w-full flex-col flex-grow\"><div class=\"min-h-8 text-message flex w-full flex-col items-end gap-2 whitespace-normal break-words [.text-message+&amp;]:mt-5\" dir=\"auto\" data-message-author-role=\"assistant\" data-message-id=\"def7cac0-2707-4442-b93b-c94e77fa0a36\" data-message-model-slug=\"gpt-4o\"><div class=\"flex w-full flex-col gap-1 empty:hidden first:pt-[3px]\"><div class=\"markdown prose w-full break-words dark:prose-invert dark\"><p>En Panader\u00eda Alberdi somos una empresa familiar que lleva funcionando desde el a\u00f1o 1902, dedicada a ofrecer productos de calidad, elaborados y seleccionados con el mimo de toda la vida. Nuestra historia est\u00e1 ligada al sabor aut\u00e9ntico del pan tradicional y al compromiso con nuestros clientes, quienes d\u00eda a d\u00eda conf\u00edan en nosotros para llevar a casa productos frescos y de cercan\u00eda.<\/p><\/div><\/div><\/div><\/div>\t\t\t\t\t\t\t\t<\/div>\n\t\t\t\t\t<\/div>\n\t\t<\/div>\n\t\t\t\t\t<\/div>\n\t\t<\/section>\n\t\t\t\t<section class=\"elementor-section elementor-inner-section elementor-element elementor-element-4ca6ad4 elementor-section-boxed elementor-section-height-default elementor-section-height-default\" data-id=\"4ca6ad4\" data-element_type=\"section\" data-e-type=\"section\">\n\t\t\t\t\t\t<div class=\"elementor-container elementor-column-gap-no\">\n\t\t\t\t\t<div class=\"elementor-column elementor-col-50 elementor-inner-column elementor-element elementor-element-ffa28b4\" data-id=\"ffa28b4\" data-element_type=\"column\" data-e-type=\"column\">\n\t\t\t<div class=\"elementor-widget-wrap elementor-element-populated\">\n\t\t\t\t\t\t<div class=\"elementor-element elementor-element-00a7976 elementor-widget__width-initial elementor-widget elementor-widget-image\" data-id=\"00a7976\" data-element_type=\"widget\" data-e-type=\"widget\" data-widget_type=\"image.default\">\n\t\t\t\t\t\t\t\t\t\t\t\t\t\t\t<img fetchpriority=\"high\" decoding=\"async\" width=\"1200\" height=\"1600\" src=\"https:\/\/panaderiaalberdi.com\/wp-content\/uploads\/2025\/12\/WhatsApp-Image-2025-12-04-at-15.08.52.jpeg\" class=\"attachment-full size-full wp-image-295\" alt=\"\" srcset=\"https:\/\/panaderiaalberdi.com\/wp-content\/uploads\/2025\/12\/WhatsApp-Image-2025-12-04-at-15.08.52.jpeg 1200w, https:\/\/panaderiaalberdi.com\/wp-content\/uploads\/2025\/12\/WhatsApp-Image-2025-12-04-at-15.08.52-225x300.jpeg 225w, https:\/\/panaderiaalberdi.com\/wp-content\/uploads\/2025\/12\/WhatsApp-Image-2025-12-04-at-15.08.52-768x1024.jpeg 768w, https:\/\/panaderiaalberdi.com\/wp-content\/uploads\/2025\/12\/WhatsApp-Image-2025-12-04-at-15.08.52-1152x1536.jpeg 1152w, https:\/\/panaderiaalberdi.com\/wp-content\/uploads\/2025\/12\/WhatsApp-Image-2025-12-04-at-15.08.52-9x12.jpeg 9w\" sizes=\"(max-width: 1200px) 100vw, 1200px\" \/>\t\t\t\t\t\t\t\t\t\t\t\t\t\t\t<\/div>\n\t\t\t\t<div class=\"elementor-element elementor-element-00e34bf elementor-widget__width-initial elementor-widget elementor-widget-image\" data-id=\"00e34bf\" data-element_type=\"widget\" data-e-type=\"widget\" data-widget_type=\"image.default\">\n\t\t\t\t\t\t\t\t\t\t\t\t\t\t\t<img decoding=\"async\" src=\"https:\/\/panaderiaalberdi.com\/wp-content\/uploads\/elementor\/thumbs\/WhatsApp-Image-2025-12-04-at-15.08.51-1-rfo44yaxv4fn8m34zl3i0rghshz1jzcpuacwvmk0eo.jpeg\" title=\"WhatsApp Image 2025-12-04 at 15.08.51 (1)\" alt=\"WhatsApp Image 2025-12-04 at 15.08.51 (1)\" loading=\"lazy\" \/>\t\t\t\t\t\t\t\t\t\t\t\t\t\t\t<\/div>\n\t\t\t\t\t<\/div>\n\t\t<\/div>\n\t\t\t\t<div class=\"elementor-column elementor-col-50 elementor-inner-column elementor-element elementor-element-f8b5dbf\" data-id=\"f8b5dbf\" data-element_type=\"column\" data-e-type=\"column\">\n\t\t\t<div class=\"elementor-widget-wrap elementor-element-populated\">\n\t\t\t\t\t\t<div class=\"elementor-element elementor-element-a807fea elementor-widget elementor-widget-image\" data-id=\"a807fea\" data-element_type=\"widget\" data-e-type=\"widget\" data-widget_type=\"image.default\">\n\t\t\t\t\t\t\t\t\t\t\t\t\t\t\t<img decoding=\"async\" width=\"1200\" height=\"1600\" src=\"https:\/\/panaderiaalberdi.com\/wp-content\/uploads\/2025\/12\/WhatsApp-Image-2025-12-04-at-15.08.51-2.jpeg\" class=\"attachment-full size-full wp-image-294\" alt=\"\" srcset=\"https:\/\/panaderiaalberdi.com\/wp-content\/uploads\/2025\/12\/WhatsApp-Image-2025-12-04-at-15.08.51-2.jpeg 1200w, https:\/\/panaderiaalberdi.com\/wp-content\/uploads\/2025\/12\/WhatsApp-Image-2025-12-04-at-15.08.51-2-225x300.jpeg 225w, https:\/\/panaderiaalberdi.com\/wp-content\/uploads\/2025\/12\/WhatsApp-Image-2025-12-04-at-15.08.51-2-768x1024.jpeg 768w, https:\/\/panaderiaalberdi.com\/wp-content\/uploads\/2025\/12\/WhatsApp-Image-2025-12-04-at-15.08.51-2-1152x1536.jpeg 1152w, https:\/\/panaderiaalberdi.com\/wp-content\/uploads\/2025\/12\/WhatsApp-Image-2025-12-04-at-15.08.51-2-9x12.jpeg 9w\" sizes=\"(max-width: 1200px) 100vw, 1200px\" \/>\t\t\t\t\t\t\t\t\t\t\t\t\t\t\t<\/div>\n\t\t\t\t\t<\/div>\n\t\t<\/div>\n\t\t\t\t\t<\/div>\n\t\t<\/section>\n\t\t\t\t\t<\/div>\n\t\t<\/div>\n\t\t\t\t\t<\/div>\n\t\t<\/section>\n\t\t\t\t<section class=\"elementor-section elementor-top-section elementor-element elementor-element-6a50b60 elementor-section-boxed elementor-section-height-default elementor-section-height-default\" data-id=\"6a50b60\" data-element_type=\"section\" data-e-type=\"section\" data-settings=\"{&quot;background_background&quot;:&quot;classic&quot;}\">\n\t\t\t\t\t\t\t<div class=\"elementor-background-overlay\"><\/div>\n\t\t\t\t\t\t\t<div class=\"elementor-container elementor-column-gap-default\">\n\t\t\t\t\t<div class=\"elementor-column elementor-col-100 elementor-top-column elementor-element elementor-element-93cd19f\" data-id=\"93cd19f\" data-element_type=\"column\" data-e-type=\"column\">\n\t\t\t<div class=\"elementor-widget-wrap elementor-element-populated\">\n\t\t\t\t\t\t<div class=\"elementor-element elementor-element-b63ab49 elementor-widget elementor-widget-heading\" data-id=\"b63ab49\" data-element_type=\"widget\" data-e-type=\"widget\" data-widget_type=\"heading.default\">\n\t\t\t\t\t<h2 class=\"elementor-heading-title elementor-size-default\">Servicio cercano, productos de calidad<\/h2>\t\t\t\t<\/div>\n\t\t\t\t<div class=\"elementor-element elementor-element-8e30415 elementor-widget elementor-widget-text-editor\" data-id=\"8e30415\" data-element_type=\"widget\" data-e-type=\"widget\" data-widget_type=\"text-editor.default\">\n\t\t\t\t\t\t\t\t\t<p>Ven a conocernos: m\u00e1s de 35 a\u00f1os horneando tradici\u00f3n.<\/p>\t\t\t\t\t\t\t\t<\/div>\n\t\t\t\t<div class=\"elementor-element elementor-element-a887832 elementor-align-center elementor-widget elementor-widget-button\" data-id=\"a887832\" data-element_type=\"widget\" data-e-type=\"widget\" data-widget_type=\"button.default\">\n\t\t\t\t\t\t\t\t\t\t<a class=\"elementor-button elementor-button-link elementor-size-sm elementor-animation-hang\" href=\"https:\/\/panaderiaalberdi.com\/contacto\/\">\n\t\t\t\t\t\t<span class=\"elementor-button-content-wrapper\">\n\t\t\t\t\t\t\t\t\t<span class=\"elementor-button-text\">Contactanos<\/span>\n\t\t\t\t\t<\/span>\n\t\t\t\t\t<\/a>\n\t\t\t\t\t\t\t\t<\/div>\n\t\t\t\t\t<\/div>\n\t\t<\/div>\n\t\t\t\t\t<\/div>\n\t\t<\/section>\n\t\t\t\t<\/div>\n\t\t","protected":false},"excerpt":{"rendered":"<p>Bienvenidos A panader\u00eda Alberdi Descubre nuestras pastas artesanas, reci\u00e9n hechas cada d\u00eda. Sobre Nosotros Cada d\u00eda, reci\u00e9n hecho. Saber M\u00e1s En Panader\u00eda Alberdi somos una empresa familiar que lleva funcionando desde el a\u00f1o 1902, dedicada a ofrecer productos de calidad, elaborados y seleccionados con el mimo de toda la vida. Nuestra historia est\u00e1 ligada al [&hellip;]<\/p>\n","protected":false},"author":1,"featured_media":0,"parent":0,"menu_order":0,"comment_status":"closed","ping_status":"closed","template":"elementor_canvas","meta":{"footnotes":""},"class_list":["post-11","page","type-page","status-publish","hentry"],"yoast_head":"<!-- This site is optimized with the Yoast SEO plugin v27.3 - https:\/\/yoast.com\/product\/yoast-seo-wordpress\/ -->\n<title>Inicio - Panader\u00eda Alberdi<\/title>\n<meta name=\"robots\" content=\"index, follow, max-snippet:-1, max-image-preview:large, max-video-preview:-1\" \/>\n<link rel=\"canonical\" href=\"https:\/\/panaderiaalberdi.com\/eu\/\" \/>\n<meta property=\"og:locale\" content=\"en_US\" \/>\n<meta property=\"og:type\" content=\"article\" \/>\n<meta property=\"og:title\" content=\"Inicio - Panader\u00eda Alberdi\" \/>\n<meta property=\"og:description\" content=\"Bienvenidos A panader\u00eda Alberdi Descubre nuestras pastas artesanas, reci\u00e9n hechas cada d\u00eda. Sobre Nosotros Cada d\u00eda, reci\u00e9n hecho. Saber M\u00e1s En Panader\u00eda Alberdi somos una empresa familiar que lleva funcionando desde el a\u00f1o 1902, dedicada a ofrecer productos de calidad, elaborados y seleccionados con el mimo de toda la vida. Nuestra historia est\u00e1 ligada al [&hellip;]\" \/>\n<meta property=\"og:url\" content=\"https:\/\/panaderiaalberdi.com\/eu\/\" \/>\n<meta property=\"og:site_name\" content=\"Panader\u00eda Alberdi\" \/>\n<meta property=\"article:modified_time\" content=\"2025-12-05T15:07:43+00:00\" \/>\n<meta property=\"og:image\" content=\"https:\/\/panaderiaalberdi.com\/wp-content\/uploads\/2025\/12\/WhatsApp-Image-2025-12-04-at-15.08.52.jpeg\" \/>\n<meta name=\"twitter:card\" content=\"summary_large_image\" \/>\n<meta name=\"twitter:label1\" content=\"Est. reading time\" \/>\n\t<meta name=\"twitter:data1\" content=\"1 minutua\" \/>\n<script type=\"application\/ld+json\" class=\"yoast-schema-graph\">{\"@context\":\"https:\\\/\\\/schema.org\",\"@graph\":[{\"@type\":\"WebPage\",\"@id\":\"https:\\\/\\\/panaderiaalberdi.com\\\/\",\"url\":\"https:\\\/\\\/panaderiaalberdi.com\\\/\",\"name\":\"Inicio - Panader\u00eda Alberdi\",\"isPartOf\":{\"@id\":\"https:\\\/\\\/panaderiaalberdi.com\\\/#website\"},\"primaryImageOfPage\":{\"@id\":\"https:\\\/\\\/panaderiaalberdi.com\\\/#primaryimage\"},\"image\":{\"@id\":\"https:\\\/\\\/panaderiaalberdi.com\\\/#primaryimage\"},\"thumbnailUrl\":\"https:\\\/\\\/panaderiaalberdi.com\\\/wp-content\\\/uploads\\\/2025\\\/12\\\/WhatsApp-Image-2025-12-04-at-15.08.52.jpeg\",\"datePublished\":\"2025-11-10T17:26:31+00:00\",\"dateModified\":\"2025-12-05T15:07:43+00:00\",\"breadcrumb\":{\"@id\":\"https:\\\/\\\/panaderiaalberdi.com\\\/#breadcrumb\"},\"inLanguage\":\"eu\",\"potentialAction\":[{\"@type\":\"ReadAction\",\"target\":[\"https:\\\/\\\/panaderiaalberdi.com\\\/\"]}]},{\"@type\":\"ImageObject\",\"inLanguage\":\"eu\",\"@id\":\"https:\\\/\\\/panaderiaalberdi.com\\\/#primaryimage\",\"url\":\"https:\\\/\\\/panaderiaalberdi.com\\\/wp-content\\\/uploads\\\/2025\\\/12\\\/WhatsApp-Image-2025-12-04-at-15.08.52.jpeg\",\"contentUrl\":\"https:\\\/\\\/panaderiaalberdi.com\\\/wp-content\\\/uploads\\\/2025\\\/12\\\/WhatsApp-Image-2025-12-04-at-15.08.52.jpeg\"},{\"@type\":\"BreadcrumbList\",\"@id\":\"https:\\\/\\\/panaderiaalberdi.com\\\/#breadcrumb\",\"itemListElement\":[{\"@type\":\"ListItem\",\"position\":1,\"name\":\"Portada\",\"item\":\"https:\\\/\\\/panaderiaalberdi.com\\\/\"},{\"@type\":\"ListItem\",\"position\":2,\"name\":\"Inicio\"}]},{\"@type\":\"WebSite\",\"@id\":\"https:\\\/\\\/panaderiaalberdi.com\\\/#website\",\"url\":\"https:\\\/\\\/panaderiaalberdi.com\\\/\",\"name\":\"Panader\u00eda Alberdi\",\"description\":\"Panader\u00eda\",\"publisher\":{\"@id\":\"https:\\\/\\\/panaderiaalberdi.com\\\/#organization\"},\"potentialAction\":[{\"@type\":\"SearchAction\",\"target\":{\"@type\":\"EntryPoint\",\"urlTemplate\":\"https:\\\/\\\/panaderiaalberdi.com\\\/?s={search_term_string}\"},\"query-input\":{\"@type\":\"PropertyValueSpecification\",\"valueRequired\":true,\"valueName\":\"search_term_string\"}}],\"inLanguage\":\"eu\"},{\"@type\":\"Organization\",\"@id\":\"https:\\\/\\\/panaderiaalberdi.com\\\/#organization\",\"name\":\"Panader\u00eda Alberdi\",\"url\":\"https:\\\/\\\/panaderiaalberdi.com\\\/\",\"logo\":{\"@type\":\"ImageObject\",\"inLanguage\":\"eu\",\"@id\":\"https:\\\/\\\/panaderiaalberdi.com\\\/#\\\/schema\\\/logo\\\/image\\\/\",\"url\":\"https:\\\/\\\/panaderiaalberdi.com\\\/wp-content\\\/uploads\\\/2025\\\/12\\\/cropped-Texto-1500-x-1000-px-1.png\",\"contentUrl\":\"https:\\\/\\\/panaderiaalberdi.com\\\/wp-content\\\/uploads\\\/2025\\\/12\\\/cropped-Texto-1500-x-1000-px-1.png\",\"width\":470,\"height\":95,\"caption\":\"Panader\u00eda Alberdi\"},\"image\":{\"@id\":\"https:\\\/\\\/panaderiaalberdi.com\\\/#\\\/schema\\\/logo\\\/image\\\/\"}}]}<\/script>\n<!-- \/ Yoast SEO plugin. -->","yoast_head_json":{"title":"Inicio - Panader\u00eda Alberdi","robots":{"index":"index","follow":"follow","max-snippet":"max-snippet:-1","max-image-preview":"max-image-preview:large","max-video-preview":"max-video-preview:-1"},"canonical":"https:\/\/panaderiaalberdi.com\/eu\/","og_locale":"en_US","og_type":"article","og_title":"Inicio - Panader\u00eda Alberdi","og_description":"Bienvenidos A panader\u00eda Alberdi Descubre nuestras pastas artesanas, reci\u00e9n hechas cada d\u00eda. Sobre Nosotros Cada d\u00eda, reci\u00e9n hecho. Saber M\u00e1s En Panader\u00eda Alberdi somos una empresa familiar que lleva funcionando desde el a\u00f1o 1902, dedicada a ofrecer productos de calidad, elaborados y seleccionados con el mimo de toda la vida. Nuestra historia est\u00e1 ligada al [&hellip;]","og_url":"https:\/\/panaderiaalberdi.com\/eu\/","og_site_name":"Panader\u00eda Alberdi","article_modified_time":"2025-12-05T15:07:43+00:00","og_image":[{"url":"https:\/\/panaderiaalberdi.com\/wp-content\/uploads\/2025\/12\/WhatsApp-Image-2025-12-04-at-15.08.52.jpeg","type":"","width":"","height":""}],"twitter_card":"summary_large_image","twitter_misc":{"Est. reading time":"1 minutua"},"schema":{"@context":"https:\/\/schema.org","@graph":[{"@type":"WebPage","@id":"https:\/\/panaderiaalberdi.com\/","url":"https:\/\/panaderiaalberdi.com\/","name":"Inicio - Panader\u00eda Alberdi","isPartOf":{"@id":"https:\/\/panaderiaalberdi.com\/#website"},"primaryImageOfPage":{"@id":"https:\/\/panaderiaalberdi.com\/#primaryimage"},"image":{"@id":"https:\/\/panaderiaalberdi.com\/#primaryimage"},"thumbnailUrl":"https:\/\/panaderiaalberdi.com\/wp-content\/uploads\/2025\/12\/WhatsApp-Image-2025-12-04-at-15.08.52.jpeg","datePublished":"2025-11-10T17:26:31+00:00","dateModified":"2025-12-05T15:07:43+00:00","breadcrumb":{"@id":"https:\/\/panaderiaalberdi.com\/#breadcrumb"},"inLanguage":"eu","potentialAction":[{"@type":"ReadAction","target":["https:\/\/panaderiaalberdi.com\/"]}]},{"@type":"ImageObject","inLanguage":"eu","@id":"https:\/\/panaderiaalberdi.com\/#primaryimage","url":"https:\/\/panaderiaalberdi.com\/wp-content\/uploads\/2025\/12\/WhatsApp-Image-2025-12-04-at-15.08.52.jpeg","contentUrl":"https:\/\/panaderiaalberdi.com\/wp-content\/uploads\/2025\/12\/WhatsApp-Image-2025-12-04-at-15.08.52.jpeg"},{"@type":"BreadcrumbList","@id":"https:\/\/panaderiaalberdi.com\/#breadcrumb","itemListElement":[{"@type":"ListItem","position":1,"name":"Portada","item":"https:\/\/panaderiaalberdi.com\/"},{"@type":"ListItem","position":2,"name":"Inicio"}]},{"@type":"WebSite","@id":"https:\/\/panaderiaalberdi.com\/#website","url":"https:\/\/panaderiaalberdi.com\/","name":"Panader\u00eda Alberdi","description":"Panader\u00eda","publisher":{"@id":"https:\/\/panaderiaalberdi.com\/#organization"},"potentialAction":[{"@type":"SearchAction","target":{"@type":"EntryPoint","urlTemplate":"https:\/\/panaderiaalberdi.com\/?s={search_term_string}"},"query-input":{"@type":"PropertyValueSpecification","valueRequired":true,"valueName":"search_term_string"}}],"inLanguage":"eu"},{"@type":"Organization","@id":"https:\/\/panaderiaalberdi.com\/#organization","name":"Panader\u00eda Alberdi","url":"https:\/\/panaderiaalberdi.com\/","logo":{"@type":"ImageObject","inLanguage":"eu","@id":"https:\/\/panaderiaalberdi.com\/#\/schema\/logo\/image\/","url":"https:\/\/panaderiaalberdi.com\/wp-content\/uploads\/2025\/12\/cropped-Texto-1500-x-1000-px-1.png","contentUrl":"https:\/\/panaderiaalberdi.com\/wp-content\/uploads\/2025\/12\/cropped-Texto-1500-x-1000-px-1.png","width":470,"height":95,"caption":"Panader\u00eda Alberdi"},"image":{"@id":"https:\/\/panaderiaalberdi.com\/#\/schema\/logo\/image\/"}}]}},"_links":{"self":[{"href":"https:\/\/panaderiaalberdi.com\/eu\/wp-json\/wp\/v2\/pages\/11","targetHints":{"allow":["GET"]}}],"collection":[{"href":"https:\/\/panaderiaalberdi.com\/eu\/wp-json\/wp\/v2\/pages"}],"about":[{"href":"https:\/\/panaderiaalberdi.com\/eu\/wp-json\/wp\/v2\/types\/page"}],"author":[{"embeddable":true,"href":"https:\/\/panaderiaalberdi.com\/eu\/wp-json\/wp\/v2\/users\/1"}],"replies":[{"embeddable":true,"href":"https:\/\/panaderiaalberdi.com\/eu\/wp-json\/wp\/v2\/comments?post=11"}],"version-history":[{"count":79,"href":"https:\/\/panaderiaalberdi.com\/eu\/wp-json\/wp\/v2\/pages\/11\/revisions"}],"predecessor-version":[{"id":316,"href":"https:\/\/panaderiaalberdi.com\/eu\/wp-json\/wp\/v2\/pages\/11\/revisions\/316"}],"wp:attachment":[{"href":"https:\/\/panaderiaalberdi.com\/eu\/wp-json\/wp\/v2\/media?parent=11"}],"curies":[{"name":"wp","href":"https:\/\/api.w.org\/{rel}","templated":true}]}}