{"id":14,"date":"2025-11-10T17:28:01","date_gmt":"2025-11-10T17:28:01","guid":{"rendered":"https:\/\/panaderiaalberdi.rkinformatika.online\/?page_id=14"},"modified":"2025-12-02T13:29:50","modified_gmt":"2025-12-02T13:29:50","slug":"productos","status":"publish","type":"page","link":"https:\/\/panaderiaalberdi.com\/eu\/productos\/","title":{"rendered":"Produktuak"},"content":{"rendered":"\t\t<div data-elementor-type=\"wp-page\" data-elementor-id=\"14\" class=\"elementor elementor-14\" data-elementor-post-type=\"page\">\n\t\t\t\t<div class=\"elementor-element elementor-element-8aeade4 e-flex e-con-boxed e-con e-parent\" data-id=\"8aeade4\" data-element_type=\"container\" data-e-type=\"container\" data-settings=\"{&quot;background_background&quot;:&quot;slideshow&quot;,&quot;background_slideshow_gallery&quot;:[{&quot;id&quot;:245,&quot;url&quot;:&quot;https:\\\/\\\/panaderiaalberdi.com\\\/wp-content\\\/uploads\\\/2025\\\/12\\\/2147975210.jpg&quot;},{&quot;id&quot;:246,&quot;url&quot;:&quot;https:\\\/\\\/panaderiaalberdi.com\\\/wp-content\\\/uploads\\\/2025\\\/12\\\/19952.jpg&quot;},{&quot;id&quot;:247,&quot;url&quot;:&quot;https:\\\/\\\/panaderiaalberdi.com\\\/wp-content\\\/uploads\\\/2025\\\/12\\\/1266.jpg&quot;}],&quot;background_slideshow_lazyload&quot;:&quot;yes&quot;,&quot;background_slideshow_ken_burns&quot;:&quot;yes&quot;,&quot;background_slideshow_loop&quot;:&quot;yes&quot;,&quot;background_slideshow_slide_duration&quot;:5000,&quot;background_slideshow_slide_transition&quot;:&quot;fade&quot;,&quot;background_slideshow_transition_duration&quot;:500,&quot;background_slideshow_ken_burns_zoom_direction&quot;:&quot;in&quot;}\">\n\t\t\t\t\t<div class=\"e-con-inner\">\n\t\t<div class=\"elementor-element elementor-element-3e4470a e-con-full e-flex e-con e-child\" data-id=\"3e4470a\" data-element_type=\"container\" data-e-type=\"container\">\n\t\t\t\t<div class=\"elementor-element elementor-element-1dc6915 elementor-widget elementor-widget-heading\" data-id=\"1dc6915\" data-element_type=\"widget\" data-e-type=\"widget\" data-widget_type=\"heading.default\">\n\t\t\t\t\t<h2 class=\"elementor-heading-title elementor-size-default\">El aroma te invita<\/h2>\t\t\t\t<\/div>\n\t\t\t\t<div class=\"elementor-element elementor-element-79f32eb elementor-widget elementor-widget-heading\" data-id=\"79f32eb\" data-element_type=\"widget\" data-e-type=\"widget\" data-widget_type=\"heading.default\">\n\t\t\t\t\t<h2 class=\"elementor-heading-title elementor-size-default\">el sabor te conquista.<\/h2>\t\t\t\t<\/div>\n\t\t\t\t<div class=\"elementor-element elementor-element-9848abf elementor-widget elementor-widget-heading\" data-id=\"9848abf\" data-element_type=\"widget\" data-e-type=\"widget\" data-widget_type=\"heading.default\">\n\t\t\t\t\t<h2 class=\"elementor-heading-title elementor-size-default\">Ac\u00e9rcate y d\u00e9jate sorprender por el sabor de lo artesanal.<\/h2>\t\t\t\t<\/div>\n\t\t\t\t<\/div>\n\t\t\t\t\t<\/div>\n\t\t\t\t<\/div>\n\t\t\t\t<section class=\"elementor-section elementor-top-section elementor-element elementor-element-1239e8e elementor-section-boxed elementor-section-height-default elementor-section-height-default\" data-id=\"1239e8e\" data-element_type=\"section\" data-e-type=\"section\">\n\t\t\t\t\t\t<div class=\"elementor-container elementor-column-gap-default\">\n\t\t\t\t\t<div class=\"elementor-column elementor-col-100 elementor-top-column elementor-element elementor-element-4e0749f\" data-id=\"4e0749f\" data-element_type=\"column\" data-e-type=\"column\">\n\t\t\t<div class=\"elementor-widget-wrap elementor-element-populated\">\n\t\t\t\t\t\t<section class=\"elementor-section elementor-inner-section elementor-element elementor-element-d39f171 elementor-section-boxed elementor-section-height-default elementor-section-height-default\" data-id=\"d39f171\" data-element_type=\"section\" data-e-type=\"section\">\n\t\t\t\t\t\t<div class=\"elementor-container elementor-column-gap-default\">\n\t\t\t\t\t<div class=\"elementor-column elementor-col-100 elementor-inner-column elementor-element elementor-element-476b31b\" data-id=\"476b31b\" data-element_type=\"column\" data-e-type=\"column\">\n\t\t\t<div class=\"elementor-widget-wrap elementor-element-populated\">\n\t\t\t\t\t\t<div class=\"elementor-element elementor-element-12acc30 elementor-widget elementor-widget-heading\" data-id=\"12acc30\" data-element_type=\"widget\" data-e-type=\"widget\" data-settings=\"{&quot;_animation&quot;:&quot;none&quot;}\" data-widget_type=\"heading.default\">\n\t\t\t\t\t<h2 class=\"elementor-heading-title elementor-size-default\">Productos Disponibles<\/h2>\t\t\t\t<\/div>\n\t\t\t\t<div class=\"elementor-element elementor-element-bf2519d elementor-widget__width-initial elementor-widget elementor-widget-heading\" data-id=\"bf2519d\" data-element_type=\"widget\" data-e-type=\"widget\" data-widget_type=\"heading.default\">\n\t\t\t\t\t<h2 class=\"elementor-heading-title elementor-size-default\">Ven y disfruta del sabor aut\u00e9ntico del pan de siempre.<\/h2>\t\t\t\t<\/div>\n\t\t\t\t<div class=\"elementor-element elementor-element-458ecdd elementor-widget-divider--view-line elementor-widget elementor-widget-divider\" data-id=\"458ecdd\" data-element_type=\"widget\" data-e-type=\"widget\" data-widget_type=\"divider.default\">\n\t\t\t\t\t\t\t<div class=\"elementor-divider\">\n\t\t\t<span class=\"elementor-divider-separator\">\n\t\t\t\t\t\t<\/span>\n\t\t<\/div>\n\t\t\t\t\t\t<\/div>\n\t\t\t\t\t<\/div>\n\t\t<\/div>\n\t\t\t\t\t<\/div>\n\t\t<\/section>\n\t\t\t\t\t<\/div>\n\t\t<\/div>\n\t\t\t\t\t<\/div>\n\t\t<\/section>\n\t\t<div class=\"elementor-element elementor-element-9873d97 e-grid e-con-boxed e-con e-parent\" data-id=\"9873d97\" data-element_type=\"container\" data-e-type=\"container\">\n\t\t\t\t\t<div class=\"e-con-inner\">\n\t\t<div class=\"elementor-element elementor-element-024376a e-con-full e-flex e-con e-child\" data-id=\"024376a\" data-element_type=\"container\" data-e-type=\"container\">\n\t\t\t\t<div class=\"elementor-element elementor-element-9af2a83 elementor-widget elementor-widget-heading\" data-id=\"9af2a83\" data-element_type=\"widget\" data-e-type=\"widget\" data-widget_type=\"heading.default\">\n\t\t\t\t\t<h2 class=\"elementor-heading-title elementor-size-default\">Panader\u00eda tradicional<\/h2>\t\t\t\t<\/div>\n\t\t\t\t<div class=\"elementor-element elementor-element-dd4aec5 elementor-widget elementor-widget-text-editor\" data-id=\"dd4aec5\" data-element_type=\"widget\" data-e-type=\"widget\" data-widget_type=\"text-editor.default\">\n\t\t\t\t\t\t\t\t\t<p>Pan de toda la vida, elaborado en nuestro obrador siguiendo m\u00e9todos artesanales y recetas que respetan la esencia de la panader\u00eda cl\u00e1sica. Masa bien trabajada, fermentaciones naturales y un sabor que recuerda al pan aut\u00e9ntico de antes.<\/p>\t\t\t\t\t\t\t\t<\/div>\n\t\t\t\t<\/div>\n\t\t<div class=\"elementor-element elementor-element-53bc02e e-con-full e-flex e-con e-child\" data-id=\"53bc02e\" data-element_type=\"container\" data-e-type=\"container\">\n\t\t\t\t<div class=\"elementor-element elementor-element-5bfcc85 elementor-widget elementor-widget-heading\" data-id=\"5bfcc85\" data-element_type=\"widget\" data-e-type=\"widget\" data-widget_type=\"heading.default\">\n\t\t\t\t\t<h2 class=\"elementor-heading-title elementor-size-default\">Huevos frescos de caser\u00edo<\/h2>\t\t\t\t<\/div>\n\t\t\t\t<div class=\"elementor-element elementor-element-78ce80e elementor-widget elementor-widget-text-editor\" data-id=\"78ce80e\" data-element_type=\"widget\" data-e-type=\"widget\" data-widget_type=\"text-editor.default\">\n\t\t\t\t\t\t\t\t\t<p>Huevos de primera calidad, procedentes de caser\u00edos locales. Frescos, naturales y con un sabor que marca la diferencia en tus platos de cada d\u00eda.<\/p>\t\t\t\t\t\t\t\t<\/div>\n\t\t\t\t<\/div>\n\t\t<div class=\"elementor-element elementor-element-ccfb0cc e-con-full e-flex e-con e-child\" data-id=\"ccfb0cc\" data-element_type=\"container\" data-e-type=\"container\">\n\t\t\t\t<div class=\"elementor-element elementor-element-b41ac21 elementor-widget elementor-widget-heading\" data-id=\"b41ac21\" data-element_type=\"widget\" data-e-type=\"widget\" data-widget_type=\"heading.default\">\n\t\t\t\t\t<h2 class=\"elementor-heading-title elementor-size-default\">Pastas tradicionales<\/h2>\t\t\t\t<\/div>\n\t\t\t\t<div class=\"elementor-element elementor-element-bb6bc18 elementor-widget elementor-widget-text-editor\" data-id=\"bb6bc18\" data-element_type=\"widget\" data-e-type=\"widget\" data-widget_type=\"text-editor.default\">\n\t\t\t\t\t\t\t\t\t<p>Pastas artesanas elaboradas con ingredientes seleccionados. Disponemos de variedades <strong data-start=\"1249\" data-end=\"1263\">con az\u00facar<\/strong> y <strong data-start=\"1266\" data-end=\"1280\">sin az\u00facar<\/strong>, ideales para todos los gustos y necesidades.<\/p>\t\t\t\t\t\t\t\t<\/div>\n\t\t\t\t<\/div>\n\t\t<div class=\"elementor-element elementor-element-459f3a2 e-con-full e-flex e-con e-child\" data-id=\"459f3a2\" data-element_type=\"container\" data-e-type=\"container\">\n\t\t\t\t<div class=\"elementor-element elementor-element-e6a3bb4 elementor-widget elementor-widget-heading\" data-id=\"e6a3bb4\" data-element_type=\"widget\" data-e-type=\"widget\" data-widget_type=\"heading.default\">\n\t\t\t\t\t<h2 class=\"elementor-heading-title elementor-size-default\">Otros productos<\/h2>\t\t\t\t<\/div>\n\t\t\t\t<div class=\"elementor-element elementor-element-d1af5ee elementor-widget elementor-widget-text-editor\" data-id=\"d1af5ee\" data-element_type=\"widget\" data-e-type=\"widget\" data-widget_type=\"text-editor.default\">\n\t\t\t\t\t\t\t\t\t<p>Adem\u00e1s, complementamos nuestra oferta con productos cotidianos y de proximidad para que encuentres todo lo que necesitas en un mismo lugar.<\/p>\t\t\t\t\t\t\t\t<\/div>\n\t\t\t\t<\/div>\n\t\t\t\t\t<\/div>\n\t\t\t\t<\/div>\n\t\t\t\t<section class=\"elementor-section elementor-top-section elementor-element elementor-element-a221536 elementor-section-boxed elementor-section-height-default elementor-section-height-default\" data-id=\"a221536\" data-element_type=\"section\" data-e-type=\"section\" data-settings=\"{&quot;background_background&quot;:&quot;classic&quot;}\">\n\t\t\t\t\t\t\t<div class=\"elementor-background-overlay\"><\/div>\n\t\t\t\t\t\t\t<div class=\"elementor-container elementor-column-gap-default\">\n\t\t\t\t\t<div class=\"elementor-column elementor-col-100 elementor-top-column elementor-element elementor-element-e38828b\" data-id=\"e38828b\" data-element_type=\"column\" data-e-type=\"column\">\n\t\t\t<div class=\"elementor-widget-wrap elementor-element-populated\">\n\t\t\t\t\t\t<section class=\"elementor-section elementor-inner-section elementor-element elementor-element-4831fa1 elementor-section-boxed elementor-section-height-default elementor-section-height-default\" data-id=\"4831fa1\" data-element_type=\"section\" data-e-type=\"section\">\n\t\t\t\t\t\t<div class=\"elementor-container elementor-column-gap-default\">\n\t\t\t\t\t<div class=\"elementor-column elementor-col-100 elementor-inner-column elementor-element elementor-element-a3af121 elementor-invisible\" data-id=\"a3af121\" data-element_type=\"column\" data-e-type=\"column\" data-settings=\"{&quot;background_background&quot;:&quot;classic&quot;,&quot;animation&quot;:&quot;bounceInUp&quot;}\">\n\t\t\t<div class=\"elementor-widget-wrap elementor-element-populated\">\n\t\t\t\t\t\t<div class=\"elementor-element elementor-element-85e472d elementor-widget elementor-widget-heading\" data-id=\"85e472d\" data-element_type=\"widget\" data-e-type=\"widget\" data-widget_type=\"heading.default\">\n\t\t\t\t\t<h2 class=\"elementor-heading-title elementor-size-default\">\u00bfNecesitas m\u00e1s informaci\u00f3n? <\/h2>\t\t\t\t<\/div>\n\t\t\t\t<div class=\"elementor-element elementor-element-ce0235d elementor-widget elementor-widget-text-editor\" data-id=\"ce0235d\" data-element_type=\"widget\" data-e-type=\"widget\" data-widget_type=\"text-editor.default\">\n\t\t\t\t\t\t\t\t\t<p>\u00a1Estamos aqu\u00ed para ayudarte!<\/p>\t\t\t\t\t\t\t\t<\/div>\n\t\t\t\t<div class=\"elementor-element elementor-element-7a303e6 elementor-align-center elementor-widget elementor-widget-button\" data-id=\"7a303e6\" data-element_type=\"widget\" data-e-type=\"widget\" data-widget_type=\"button.default\">\n\t\t\t\t\t\t\t\t\t\t<a class=\"elementor-button elementor-button-link elementor-size-sm elementor-animation-float\" href=\"https:\/\/panaderiaalberdi.com\/contacto\/\">\n\t\t\t\t\t\t<span class=\"elementor-button-content-wrapper\">\n\t\t\t\t\t\t\t\t\t<span class=\"elementor-button-text\">contactar<\/span>\n\t\t\t\t\t<\/span>\n\t\t\t\t\t<\/a>\n\t\t\t\t\t\t\t\t<\/div>\n\t\t\t\t\t<\/div>\n\t\t<\/div>\n\t\t\t\t\t<\/div>\n\t\t<\/section>\n\t\t\t\t\t<\/div>\n\t\t<\/div>\n\t\t\t\t\t<\/div>\n\t\t<\/section>\n\t\t\t\t<\/div>\n\t\t","protected":false},"excerpt":{"rendered":"<p>El aroma te invita el sabor te conquista. Ac\u00e9rcate y d\u00e9jate sorprender por el sabor de lo artesanal. Productos Disponibles Ven y disfruta del sabor aut\u00e9ntico del pan de siempre. Panader\u00eda tradicional Pan de toda la vida, elaborado en nuestro obrador siguiendo m\u00e9todos artesanales y recetas que respetan la esencia de la panader\u00eda cl\u00e1sica. Masa [&hellip;]<\/p>\n","protected":false},"author":1,"featured_media":0,"parent":0,"menu_order":0,"comment_status":"closed","ping_status":"closed","template":"elementor_canvas","meta":{"footnotes":""},"class_list":["post-14","page","type-page","status-publish","hentry"],"yoast_head":"<!-- This site is optimized with the Yoast SEO plugin v27.3 - https:\/\/yoast.com\/product\/yoast-seo-wordpress\/ -->\n<title>Productos - Panader\u00eda Alberdi<\/title>\n<meta name=\"robots\" content=\"index, follow, max-snippet:-1, max-image-preview:large, max-video-preview:-1\" \/>\n<link rel=\"canonical\" href=\"https:\/\/panaderiaalberdi.com\/eu\/productos\/\" \/>\n<meta property=\"og:locale\" content=\"en_US\" \/>\n<meta property=\"og:type\" content=\"article\" \/>\n<meta property=\"og:title\" content=\"Productos - Panader\u00eda Alberdi\" \/>\n<meta property=\"og:description\" content=\"El aroma te invita el sabor te conquista. Ac\u00e9rcate y d\u00e9jate sorprender por el sabor de lo artesanal. Productos Disponibles Ven y disfruta del sabor aut\u00e9ntico del pan de siempre. Panader\u00eda tradicional Pan de toda la vida, elaborado en nuestro obrador siguiendo m\u00e9todos artesanales y recetas que respetan la esencia de la panader\u00eda cl\u00e1sica. Masa [&hellip;]\" \/>\n<meta property=\"og:url\" content=\"https:\/\/panaderiaalberdi.com\/eu\/productos\/\" \/>\n<meta property=\"og:site_name\" content=\"Panader\u00eda Alberdi\" \/>\n<meta property=\"article:modified_time\" content=\"2025-12-02T13:29:50+00:00\" \/>\n<meta name=\"twitter:card\" content=\"summary_large_image\" \/>\n<meta name=\"twitter:label1\" content=\"Est. reading time\" \/>\n\t<meta name=\"twitter:data1\" content=\"1 minutua\" \/>\n<script type=\"application\/ld+json\" class=\"yoast-schema-graph\">{\"@context\":\"https:\\\/\\\/schema.org\",\"@graph\":[{\"@type\":\"WebPage\",\"@id\":\"https:\\\/\\\/panaderiaalberdi.com\\\/productos\\\/\",\"url\":\"https:\\\/\\\/panaderiaalberdi.com\\\/productos\\\/\",\"name\":\"Productos - Panader\u00eda Alberdi\",\"isPartOf\":{\"@id\":\"https:\\\/\\\/panaderiaalberdi.com\\\/#website\"},\"datePublished\":\"2025-11-10T17:28:01+00:00\",\"dateModified\":\"2025-12-02T13:29:50+00:00\",\"breadcrumb\":{\"@id\":\"https:\\\/\\\/panaderiaalberdi.com\\\/productos\\\/#breadcrumb\"},\"inLanguage\":\"eu\",\"potentialAction\":[{\"@type\":\"ReadAction\",\"target\":[\"https:\\\/\\\/panaderiaalberdi.com\\\/productos\\\/\"]}]},{\"@type\":\"BreadcrumbList\",\"@id\":\"https:\\\/\\\/panaderiaalberdi.com\\\/productos\\\/#breadcrumb\",\"itemListElement\":[{\"@type\":\"ListItem\",\"position\":1,\"name\":\"Portada\",\"item\":\"https:\\\/\\\/panaderiaalberdi.com\\\/\"},{\"@type\":\"ListItem\",\"position\":2,\"name\":\"Productos\"}]},{\"@type\":\"WebSite\",\"@id\":\"https:\\\/\\\/panaderiaalberdi.com\\\/#website\",\"url\":\"https:\\\/\\\/panaderiaalberdi.com\\\/\",\"name\":\"Panader\u00eda Alberdi\",\"description\":\"Panader\u00eda\",\"publisher\":{\"@id\":\"https:\\\/\\\/panaderiaalberdi.com\\\/#organization\"},\"potentialAction\":[{\"@type\":\"SearchAction\",\"target\":{\"@type\":\"EntryPoint\",\"urlTemplate\":\"https:\\\/\\\/panaderiaalberdi.com\\\/?s={search_term_string}\"},\"query-input\":{\"@type\":\"PropertyValueSpecification\",\"valueRequired\":true,\"valueName\":\"search_term_string\"}}],\"inLanguage\":\"eu\"},{\"@type\":\"Organization\",\"@id\":\"https:\\\/\\\/panaderiaalberdi.com\\\/#organization\",\"name\":\"Panader\u00eda Alberdi\",\"url\":\"https:\\\/\\\/panaderiaalberdi.com\\\/\",\"logo\":{\"@type\":\"ImageObject\",\"inLanguage\":\"eu\",\"@id\":\"https:\\\/\\\/panaderiaalberdi.com\\\/#\\\/schema\\\/logo\\\/image\\\/\",\"url\":\"https:\\\/\\\/panaderiaalberdi.com\\\/wp-content\\\/uploads\\\/2025\\\/12\\\/cropped-Texto-1500-x-1000-px-1.png\",\"contentUrl\":\"https:\\\/\\\/panaderiaalberdi.com\\\/wp-content\\\/uploads\\\/2025\\\/12\\\/cropped-Texto-1500-x-1000-px-1.png\",\"width\":470,\"height\":95,\"caption\":\"Panader\u00eda Alberdi\"},\"image\":{\"@id\":\"https:\\\/\\\/panaderiaalberdi.com\\\/#\\\/schema\\\/logo\\\/image\\\/\"}}]}<\/script>\n<!-- \/ Yoast SEO plugin. -->","yoast_head_json":{"title":"Productos - Panader\u00eda Alberdi","robots":{"index":"index","follow":"follow","max-snippet":"max-snippet:-1","max-image-preview":"max-image-preview:large","max-video-preview":"max-video-preview:-1"},"canonical":"https:\/\/panaderiaalberdi.com\/eu\/productos\/","og_locale":"en_US","og_type":"article","og_title":"Productos - Panader\u00eda Alberdi","og_description":"El aroma te invita el sabor te conquista. Ac\u00e9rcate y d\u00e9jate sorprender por el sabor de lo artesanal. Productos Disponibles Ven y disfruta del sabor aut\u00e9ntico del pan de siempre. Panader\u00eda tradicional Pan de toda la vida, elaborado en nuestro obrador siguiendo m\u00e9todos artesanales y recetas que respetan la esencia de la panader\u00eda cl\u00e1sica. Masa [&hellip;]","og_url":"https:\/\/panaderiaalberdi.com\/eu\/productos\/","og_site_name":"Panader\u00eda Alberdi","article_modified_time":"2025-12-02T13:29:50+00:00","twitter_card":"summary_large_image","twitter_misc":{"Est. reading time":"1 minutua"},"schema":{"@context":"https:\/\/schema.org","@graph":[{"@type":"WebPage","@id":"https:\/\/panaderiaalberdi.com\/productos\/","url":"https:\/\/panaderiaalberdi.com\/productos\/","name":"Productos - Panader\u00eda Alberdi","isPartOf":{"@id":"https:\/\/panaderiaalberdi.com\/#website"},"datePublished":"2025-11-10T17:28:01+00:00","dateModified":"2025-12-02T13:29:50+00:00","breadcrumb":{"@id":"https:\/\/panaderiaalberdi.com\/productos\/#breadcrumb"},"inLanguage":"eu","potentialAction":[{"@type":"ReadAction","target":["https:\/\/panaderiaalberdi.com\/productos\/"]}]},{"@type":"BreadcrumbList","@id":"https:\/\/panaderiaalberdi.com\/productos\/#breadcrumb","itemListElement":[{"@type":"ListItem","position":1,"name":"Portada","item":"https:\/\/panaderiaalberdi.com\/"},{"@type":"ListItem","position":2,"name":"Productos"}]},{"@type":"WebSite","@id":"https:\/\/panaderiaalberdi.com\/#website","url":"https:\/\/panaderiaalberdi.com\/","name":"Panader\u00eda Alberdi","description":"Panader\u00eda","publisher":{"@id":"https:\/\/panaderiaalberdi.com\/#organization"},"potentialAction":[{"@type":"SearchAction","target":{"@type":"EntryPoint","urlTemplate":"https:\/\/panaderiaalberdi.com\/?s={search_term_string}"},"query-input":{"@type":"PropertyValueSpecification","valueRequired":true,"valueName":"search_term_string"}}],"inLanguage":"eu"},{"@type":"Organization","@id":"https:\/\/panaderiaalberdi.com\/#organization","name":"Panader\u00eda Alberdi","url":"https:\/\/panaderiaalberdi.com\/","logo":{"@type":"ImageObject","inLanguage":"eu","@id":"https:\/\/panaderiaalberdi.com\/#\/schema\/logo\/image\/","url":"https:\/\/panaderiaalberdi.com\/wp-content\/uploads\/2025\/12\/cropped-Texto-1500-x-1000-px-1.png","contentUrl":"https:\/\/panaderiaalberdi.com\/wp-content\/uploads\/2025\/12\/cropped-Texto-1500-x-1000-px-1.png","width":470,"height":95,"caption":"Panader\u00eda Alberdi"},"image":{"@id":"https:\/\/panaderiaalberdi.com\/#\/schema\/logo\/image\/"}}]}},"_links":{"self":[{"href":"https:\/\/panaderiaalberdi.com\/eu\/wp-json\/wp\/v2\/pages\/14","targetHints":{"allow":["GET"]}}],"collection":[{"href":"https:\/\/panaderiaalberdi.com\/eu\/wp-json\/wp\/v2\/pages"}],"about":[{"href":"https:\/\/panaderiaalberdi.com\/eu\/wp-json\/wp\/v2\/types\/page"}],"author":[{"embeddable":true,"href":"https:\/\/panaderiaalberdi.com\/eu\/wp-json\/wp\/v2\/users\/1"}],"replies":[{"embeddable":true,"href":"https:\/\/panaderiaalberdi.com\/eu\/wp-json\/wp\/v2\/comments?post=14"}],"version-history":[{"count":43,"href":"https:\/\/panaderiaalberdi.com\/eu\/wp-json\/wp\/v2\/pages\/14\/revisions"}],"predecessor-version":[{"id":278,"href":"https:\/\/panaderiaalberdi.com\/eu\/wp-json\/wp\/v2\/pages\/14\/revisions\/278"}],"wp:attachment":[{"href":"https:\/\/panaderiaalberdi.com\/eu\/wp-json\/wp\/v2\/media?parent=14"}],"curies":[{"name":"wp","href":"https:\/\/api.w.org\/{rel}","templated":true}]}}